{"id":512,"date":"2012-06-07T13:45:06","date_gmt":"2012-06-07T12:45:06","guid":{"rendered":"http:\/\/www.isabellemarcelin.com\/?page_id=512"},"modified":"2024-08-27T09:21:49","modified_gmt":"2024-08-27T08:21:49","slug":"biographie","status":"publish","type":"page","link":"https:\/\/www.isabellemarcelin.com\/?page_id=512","title":{"rendered":"Biographie"},"content":{"rendered":"<p><a href=\"https:\/\/www.isabellemarcelin.com\/?attachment_id=137\" rel=\"attachment wp-att-137\"><img data-recalc-dims=\"1\" loading=\"lazy\" decoding=\"async\" data-attachment-id=\"137\" data-permalink=\"https:\/\/www.isabellemarcelin.com\/?attachment_id=137\" data-orig-file=\"https:\/\/i0.wp.com\/www.isabellemarcelin.com\/wp-content\/uploads\/2011\/03\/Autoportrait-aux-champs.jpg?fit=600%2C800&amp;ssl=1\" data-orig-size=\"600,800\" data-comments-opened=\"0\" data-image-meta=\"{&quot;aperture&quot;:&quot;0&quot;,&quot;credit&quot;:&quot;&quot;,&quot;camera&quot;:&quot;&quot;,&quot;caption&quot;:&quot;&quot;,&quot;created_timestamp&quot;:&quot;1277072589&quot;,&quot;copyright&quot;:&quot;&quot;,&quot;focal_length&quot;:&quot;0&quot;,&quot;iso&quot;:&quot;0&quot;,&quot;shutter_speed&quot;:&quot;0&quot;,&quot;title&quot;:&quot;&quot;}\" data-image-title=\"Autoportrait aux champs\" data-image-description=\"\" data-image-caption=\"\" data-medium-file=\"https:\/\/i0.wp.com\/www.isabellemarcelin.com\/wp-content\/uploads\/2011\/03\/Autoportrait-aux-champs.jpg?fit=225%2C300&amp;ssl=1\" data-large-file=\"https:\/\/i0.wp.com\/www.isabellemarcelin.com\/wp-content\/uploads\/2011\/03\/Autoportrait-aux-champs.jpg?fit=600%2C800&amp;ssl=1\" class=\"alignnone size-medium wp-image-137\" title=\"Autoportrait aux champs\" src=\"https:\/\/i0.wp.com\/www.isabellemarcelin.com\/wp-content\/uploads\/2011\/03\/Autoportrait-aux-champs.jpg?resize=225%2C300&#038;ssl=1\" alt=\"\" width=\"225\" height=\"300\" srcset=\"https:\/\/i0.wp.com\/www.isabellemarcelin.com\/wp-content\/uploads\/2011\/03\/Autoportrait-aux-champs.jpg?resize=225%2C300&amp;ssl=1 225w, https:\/\/i0.wp.com\/www.isabellemarcelin.com\/wp-content\/uploads\/2011\/03\/Autoportrait-aux-champs.jpg?w=600&amp;ssl=1 600w\" sizes=\"auto, (max-width: 225px) 100vw, 225px\" \/><\/a><\/p>\n<p><strong>Isabelle Marcelin<\/strong> vit et dessine dans les monts du C\u00e9zallier, apr\u00e8s avoir travaill\u00e9 \u00e0 Bruxelles comme accessoiriste et metteur en sc\u00e8ne pour le th\u00e9\u00e2tre. Elle intervient \u00e0 l&rsquo;\u00e9cole et dans des institutions au sein d&rsquo;ateliers. Attach\u00e9e \u00e0 la litt\u00e9rature et \u00e0 sa rencontre avec le public, elle cr\u00e9e et participe \u00e0 des lectures publiques. Son travail plastique interroge notamment les apparences\u00a0en mettant en jeu le\u00a0\u00a0 naturel et l\u2019artificiel. Elle met alors en repr\u00e9sentation des objets organiques, et leur transformation en m\u00e9taphores de sujets contemporains.\u00a0 L\u2019objet observ\u00e9 est d\u00e9plac\u00e9, d\u00e9form\u00e9, exag\u00e9r\u00e9, pour r\u00e9v\u00e9ler une r\u00e9alit\u00e9 jusque l\u00e0 insoup\u00e7onn\u00e9e. Dans ce trouble du regard, l\u2019artifice, au m\u00eame titre qu\u2019une anamorphose, devient r\u00e9el. C\u2019est un jeu, avec le vrai et le faux. Les objets vivants de la nature, ainsi que les corps, se pr\u00eatent \u00e0 ce jeu.<\/p>\n<h2><span style=\"color: #f81e06;\"><strong>Expositions personnelles<br \/>\n<\/strong><\/span><\/h2>\n<p><strong><em><span style=\"color: #993300;\">Voil\u00e0. <\/span><\/em><\/strong><span style=\"color: #000000;\">Festivalet d&rsquo;\u00e9critures, Chihlac, juin 2022<\/span><\/p>\n<p><strong><em><span style=\"color: #993300;\">Tout sortir.<\/span> <\/em><\/strong>Grange d&rsquo;Autrac, Juillet 2021<strong><em><br \/>\n<\/em><\/strong><\/p>\n<p><span style=\"color: #993300;\"><strong><em>Nous sommes l\u00e0. <\/em><\/strong><span style=\"color: #000000;\">Maison Mo\u00efse, La Sauvetat. 14-15-16 et 21-22-23 juin 2019<\/span><\/span><\/p>\n<p><strong><span style=\"color: #993300;\"><em>Encres et Objets.<\/em><\/span><\/strong> Librairie Nos racine, Clermont-Ferrand<\/p>\n<p><em><span style=\"color: #800080;\"><strong><span style=\"color: #993300;\">5\u00e8me Mostra de Mende<\/span>. <\/strong><\/span><\/em><span style=\"color: #993300;\"><span style=\"color: #000000;\">Dans la ville et les vitrines de Mende. Avril 2016<\/span><\/span><strong><span style=\"color: #993300;\"><em><br \/>\n<\/em><\/span><\/strong><\/p>\n<p><em><strong><span style=\"color: #993300;\">La vie des chim\u00e8res. <\/span><\/strong><\/em><span style=\"color: #993300;\"><span style=\"color: #000000;\">Chapelle Saint-Michel, 21\u00e8me parcours de l&rsquo; Art, Avignon. Octobre 2016<\/span><\/span><em><strong><span style=\"color: #993300;\"><br \/>\n<\/span><\/strong><\/em><\/p>\n<p><em><strong><span style=\"color: #993300;\">Encres et objets.<\/span><\/strong><\/em> Galerie de l&rsquo;h\u00f4tel La Bougnate, Blesle, juillet et ao\u00fbt 2015<\/p>\n<p><em><strong><span style=\"color: #993300;\">S&rsquo;enchev\u00eatrer. <\/span><\/strong><\/em>Centre culturel Anatole France, Clermont-Ferrand. du 24 novembre au 19 d\u00e9cembre 2014<\/p>\n<p><span style=\"color: #993300;\"><em><strong>Cocons, outres et v\u00e9g\u00e9taux.<\/strong><\/em><\/span> Encres, fusains, objets, Maison Grenouille, P\u00e9rignat es Allier. du 11 juin au 9 juillet\u00a02014<\/p>\n<p><strong><em><span style=\"color: #993300;\">Plumes.<\/span> <\/em><\/strong>Leurres, <em>Massiac<\/em>. Novembre 2013<\/p>\n<p><span style=\"color: #993300;\"><strong><em>Invasions sympathiques.<\/em><\/strong><\/span> Encres, dessins, objets. Brioude, Maison de Mandrin. Mai, juin 2013<\/p>\n<p><span style=\"color: #993300;\"><strong><em>Nous nous loverons<\/em><\/strong><\/span>. Ledas et cocons, Le Puy 2011<\/p>\n<p><span style=\"color: #993300;\"><strong><em>Envols<\/em><\/strong><\/span><em>. <\/em>Gravures et leurres, Massiac 2010<\/p>\n<p><span style=\"color: #993300;\"><strong><em>Contacts<\/em><\/strong><\/span><strong>. <\/strong>Gravures, contacts et dessins, Marseille, 2009<\/p>\n<p><span style=\"color: #993300;\"><strong><em>Plumes et fant\u00f4mes<\/em><\/strong><\/span><strong>. <\/strong>Leurres, Blesle, 2003<\/p>\n<h2><span style=\"color: #f81e06;\"><strong>Expositions collectives<br \/>\n<\/strong><\/span><\/h2>\n<p><em><strong><span style=\"color: #993300;\">Les Ateliers Sauvages.<\/span><\/strong><\/em> Boutique la Marotte, Clermont-Ferrand. Du 24 au 26 Mai 2019<\/p>\n<p><span style=\"color: #800080;\"><strong><span style=\"color: #993300;\">5\u00e8me Mostra de Mende<\/span>. <\/strong><\/span><span style=\"color: #993300;\"><span style=\"color: #000000;\">Dans la ville et les vitrines de Mende. Avril 2016<\/span><\/span><strong><span style=\"color: #993300;\"><em><br \/>\n<\/em><\/span><\/strong><\/p>\n<p><em><strong>\u00a0<span style=\"color: #993300;\">21\u00e8me Parcours de l&rsquo;Art.<\/span><\/strong> <\/em>Ramifications, Hybrides et silhouettes<em>, <\/em>Chapelle Saint Michel, et Cocons, Livr\u00e9e de Viviers, Avignon. Du 3 au 24 octobre 2015<\/p>\n<p><strong><em><span style=\"color: #993300;\">2\u00e8me Biennale des Arts d&rsquo;Issoire.<\/span><\/em> <\/strong>pr\u00e9sentation de \u00a0\u00bbMauvaises herbes\u00a0\u00bb,\u00a0 Halle aux Grains, Issoire. Du\u00a012 au 27 novembre 2014<\/p>\n<p><span style=\"color: #993300;\"><strong><em>Objets<\/em><\/strong><\/span>. Leurres naturalistes. Exposition collective, Bruxelles, 1997<\/p>\n<p><span style=\"color: #993300;\"><strong><em>Passages photographiques<\/em><\/strong><\/span><strong>. <\/strong>Exposition collective, Aix-en-Provence, 1986<\/p>\n<h2><span style=\"color: #f81e06;\"><strong>Collaborations<\/strong><\/span><\/h2>\n<p><em><strong>Illustrations<\/strong><\/em> au Editions Le Frau, texte de Corinne Le Lepvrier, 2012<\/p>\n<p><strong><em>Exposition Chantal Montellier, <\/em><\/strong>conception de l\u2019accrochage et fresques dessin\u00e9es. Paris, 1994<\/p>\n<p><strong><em>Exposition Peter Friedl<\/em><\/strong>, fabrication de costumes en peluche, Bruxelles,1998 Th\u00e9\u00e2tre<\/p>\n<h2><span style=\"color: #f81e06;\"><strong>Mise en sc\u00e8ne<\/strong><\/span><\/h2>\n<p><strong>Le Cirque c\u00e9libataire<\/strong>, un regard sur l&rsquo;art contemporain. Bruxelles, Grand Hornu, 2001-2002<\/p>\n<p><strong>Jeu de Deux <\/strong>de Sami Keski-Vahala. Bruxelles, 2000<\/p>\n<p><strong>V\u00e9ritas 97<\/strong> de Virginie Thirion. Bruxelles, 1996<\/p>\n<p><strong>R\u00e9ussites<\/strong> de Virginie Thirion. Bruxelles, 1996<\/p>\n<p><strong>La Fabrique du Vent, <em>colloque<\/em><\/strong><em> <strong>et soliloques<\/strong><\/em>, Bruxelles 1996<\/p>\n<h2><strong><span style=\"color: #f81e06;\">Cr\u00e9ation d\u2019objets et de peintures pour la sc\u00e8ne<\/span><\/strong><\/h2>\n<p><em>Collabore avec de nombreux sc\u00e9nographes et metteurs en sc\u00e8ne <\/em>en Belgique, en Suisse et en France de 1987 \u00e0 2002. Factices, sculptures, m\u00e9canismes, toiles peintes, accessoires plateau.<\/p>\n<h2><span style=\"color: #f81e06;\"><strong>Lectures et rencontres publiques<\/strong><\/span><\/h2>\n<p><strong><em>Ego non sum sed vos amo, <\/em><\/strong>de Patrick Dubost. Direction de l&rsquo;Atelier de Vives Voix. 2016<\/p>\n<p><strong><em>L&rsquo;Augmentation<\/em><\/strong>, de Georges Perec. Direction de l&rsquo;Atelier de Vives Voix. Brioude, Blesle, La lampisterie de Brassac, Issoire, Caf\u00e9 lecture de Clermont-Ferrand, 2013 \u00e0 2015<\/p>\n<p><strong><em>Les vents me sont moins qu&rsquo;\u00e0 vous redoutables<\/em><\/strong>, ouverture du festival Autour d&rsquo;Elles 2013, conception et jeu avec V\u00e9ronique Dumarcet, Compagnie la balan\u00e7oire<\/p>\n<p><strong><em>Lectures publiques<\/em><\/strong>.\u00a0 <em>Julio<\/em> <em>Cortazar, V&rsquo;lan V&rsquo;l\u00e0\u00a0 Vian, Des Nouvelles du Mexique, Lectures Champ\u00eatres, Toutes les m\u00eames<\/em>, avec Entre Autres Choses et Allo La Lune. Blesle et Cabaret A Tout Va Bien, de 2005 \u00e0 2010<\/p>\n<p><strong><em>Les Greniers<\/em><\/strong> de <strong>\u2018\u2019<em>Entre Autre Choses\u2019\u2019<\/em><\/strong>,\u00a0 lectures de texte in\u00e9dits, lectures collectives (Mandelstam, Primo Levi, Goethe&#8230;), conversations, rencontres musicales et plastiques. Bruxelles, de 1991 \u00e0 2004<\/p>\n<h2><span style=\"color: #f81e06;\"><strong>Accompagnements et ateliers<br \/>\n<\/strong><\/span><\/h2>\n<p><em><strong>Ateliers <\/strong><\/em>avec des r\u00e9sidents du Centre Th\u00e9rapeutique de Nonette, de 2013 \u00e0 2016<\/p>\n<p><em><strong>Formation et direction de lecteurs<\/strong><\/em>. Blesle, de 2013 \u00e0 2016<\/p>\n<p><em><strong>Coordination d\u2019un groupe de lecteurs \u00e0 domicile<\/strong><\/em>. Blesle, Massiac, de 2009 \u00e0 2014<\/p>\n<p><em><strong>Ateliers d\u2019arts plastiques <\/strong><\/em>en \u00e9coles primaires et coll\u00e8ge. Blesle, 2008-2009<\/p>\n<p><strong><em>Atelier th\u00e9\u00e2tre<\/em><\/strong>. Coll\u00e8ge de Blesle, 2007-2008-2009<\/p>\n<p><em><strong>Atelier d\u2019arts plastiques <\/strong><\/em>pour enfants de 4 \u00e0 12 ans. Autrac (43), de 2004 \u00e0 2009<\/p>\n<p><strong><em>Accompagnement scolaire, ateliers d\u2019\u00e9criture<\/em>. Coll\u00e8ge de Blesle, 2007, 2008<\/strong><\/p>\n<p><em><strong>Direction d\u2019un atelier de cr\u00e9ation<\/strong> <strong>plastique<\/strong><\/em>. Coll\u00e8ge de Massiac, 2006<\/p>\n<p><em><strong>Ateliers th\u00e9\u00e2traux <\/strong>(<\/em><strong><em>expos\u00e9s et pratique du jeu) en coll\u00e8ge<\/em>. <\/strong>Bruxelles, 2002<\/p>\n<p><em><strong>Direction d\u2019un atelier de sc\u00e9nographie en coll\u00e8ge<\/strong><\/em>. Bruxelles, 2000<\/p>\n<h2><span style=\"color: #f81e06;\"><strong>\u00a0<\/strong><\/span><\/h2>\n","protected":false},"excerpt":{"rendered":"<p>Isabelle Marcelin vit et dessine dans les monts du C\u00e9zallier, apr\u00e8s avoir travaill\u00e9 \u00e0 Bruxelles comme accessoiriste et metteur en sc\u00e8ne pour le th\u00e9\u00e2tre. Elle intervient \u00e0 l&rsquo;\u00e9cole et dans des institutions au sein d&rsquo;ateliers. Attach\u00e9e \u00e0 la litt\u00e9rature et \u00e0 sa rencontre avec le public, elle cr\u00e9e et participe \u00e0 des lectures publiques. Son [&hellip;]<\/p>\n","protected":false},"author":1,"featured_media":137,"parent":0,"menu_order":0,"comment_status":"closed","ping_status":"open","template":"","meta":{"jetpack_post_was_ever_published":false,"footnotes":""},"class_list":["post-512","page","type-page","status-publish","has-post-thumbnail","hentry"],"aioseo_notices":[],"jetpack_shortlink":"https:\/\/wp.me\/P7cglJ-8g","jetpack_sharing_enabled":true,"_links":{"self":[{"href":"https:\/\/www.isabellemarcelin.com\/index.php?rest_route=\/wp\/v2\/pages\/512","targetHints":{"allow":["GET"]}}],"collection":[{"href":"https:\/\/www.isabellemarcelin.com\/index.php?rest_route=\/wp\/v2\/pages"}],"about":[{"href":"https:\/\/www.isabellemarcelin.com\/index.php?rest_route=\/wp\/v2\/types\/page"}],"author":[{"embeddable":true,"href":"https:\/\/www.isabellemarcelin.com\/index.php?rest_route=\/wp\/v2\/users\/1"}],"replies":[{"embeddable":true,"href":"https:\/\/www.isabellemarcelin.com\/index.php?rest_route=%2Fwp%2Fv2%2Fcomments&post=512"}],"version-history":[{"count":101,"href":"https:\/\/www.isabellemarcelin.com\/index.php?rest_route=\/wp\/v2\/pages\/512\/revisions"}],"predecessor-version":[{"id":1670,"href":"https:\/\/www.isabellemarcelin.com\/index.php?rest_route=\/wp\/v2\/pages\/512\/revisions\/1670"}],"wp:featuredmedia":[{"embeddable":true,"href":"https:\/\/www.isabellemarcelin.com\/index.php?rest_route=\/wp\/v2\/media\/137"}],"wp:attachment":[{"href":"https:\/\/www.isabellemarcelin.com\/index.php?rest_route=%2Fwp%2Fv2%2Fmedia&parent=512"}],"curies":[{"name":"wp","href":"https:\/\/api.w.org\/{rel}","templated":true}]}}